{"id":1649,"date":"2020-07-29T16:59:17","date_gmt":"2020-07-29T21:59:17","guid":{"rendered":"https:\/\/politecnicoindes.edu.co\/indes\/?post_type=product&#038;p=1649"},"modified":"2020-07-29T16:59:17","modified_gmt":"2020-07-29T21:59:17","slug":"lonchera-termica","status":"publish","type":"product","link":"https:\/\/politecnicoindes.edu.co\/indes\/product\/lonchera-termica\/","title":{"rendered":"Lonchera t\u00e9rmica"},"content":{"rendered":"<p>Descripci\u00f3n: Lonchera t\u00e9rmica con recubrimiento interior en PEVA, borde reforzado para plegar con cierre tipo click y bolsillo frontal; el borde plegado y su cierre accionado proporciona agarre para llevar a la mano.<\/p>\n<p>Material: 240D Poli\u00e9ster + Espuma PE + Forro de PEVA.<\/p>\n<p>Dimensiones: 19 x 33 x 15 cm. Longitud borde plegable: 40 cm.<\/p>\n","protected":false},"excerpt":{"rendered":"<p>Descripci\u00f3n: Lonchera t\u00e9rmica con recubrimiento interior en PEVA, borde reforzado para plegar con cierre tipo click y bolsillo frontal; el borde plegado y su cierre accionado proporciona agarre para llevar a la mano.<\/p>\n","protected":false},"featured_media":1615,"comment_status":"open","ping_status":"closed","template":"","meta":{"spay_email":""},"product_cat":[41],"product_tag":[56,54,55],"_links":{"self":[{"href":"https:\/\/politecnicoindes.edu.co\/indes\/wp-json\/wp\/v2\/product\/1649"}],"collection":[{"href":"https:\/\/politecnicoindes.edu.co\/indes\/wp-json\/wp\/v2\/product"}],"about":[{"href":"https:\/\/politecnicoindes.edu.co\/indes\/wp-json\/wp\/v2\/types\/product"}],"replies":[{"embeddable":true,"href":"https:\/\/politecnicoindes.edu.co\/indes\/wp-json\/wp\/v2\/comments?post=1649"}],"wp:featuredmedia":[{"embeddable":true,"href":"https:\/\/politecnicoindes.edu.co\/indes\/wp-json\/wp\/v2\/media\/1615"}],"wp:attachment":[{"href":"https:\/\/politecnicoindes.edu.co\/indes\/wp-json\/wp\/v2\/media?parent=1649"}],"wp:term":[{"taxonomy":"product_cat","embeddable":true,"href":"https:\/\/politecnicoindes.edu.co\/indes\/wp-json\/wp\/v2\/product_cat?post=1649"},{"taxonomy":"product_tag","embeddable":true,"href":"https:\/\/politecnicoindes.edu.co\/indes\/wp-json\/wp\/v2\/product_tag?post=1649"}],"curies":[{"name":"wp","href":"https:\/\/api.w.org\/{rel}","templated":true}]}}