{"id":1667,"date":"2020-07-29T18:02:01","date_gmt":"2020-07-29T23:02:01","guid":{"rendered":"https:\/\/politecnicoindes.edu.co\/indes\/?post_type=product&#038;p=1667"},"modified":"2020-07-29T18:02:02","modified_gmt":"2020-07-29T23:02:02","slug":"mouse-inalambrico","status":"publish","type":"product","link":"https:\/\/politecnicoindes.edu.co\/indes\/product\/mouse-inalambrico\/","title":{"rendered":"Mouse inal\u00e1mbrico"},"content":{"rendered":"<p>Mouse inal\u00e1mbrico, versi\u00f3n 2.0, funci\u00f3n DPI 800\/1200\/1600, funciona con 2 bater\u00edas AAA incluidas.<\/p>\n<p>Material: ABS<\/p>\n<p>Dimensiones: 6 x 11,4 x 2 cm.<\/p>\n","protected":false},"excerpt":{"rendered":"<p>Mouse inal\u00e1mbrico, versi\u00f3n 2.0.<\/p>\n","protected":false},"featured_media":1620,"comment_status":"open","ping_status":"closed","template":"","meta":{"spay_email":""},"product_cat":[46],"product_tag":[66,67],"_links":{"self":[{"href":"https:\/\/politecnicoindes.edu.co\/indes\/wp-json\/wp\/v2\/product\/1667"}],"collection":[{"href":"https:\/\/politecnicoindes.edu.co\/indes\/wp-json\/wp\/v2\/product"}],"about":[{"href":"https:\/\/politecnicoindes.edu.co\/indes\/wp-json\/wp\/v2\/types\/product"}],"replies":[{"embeddable":true,"href":"https:\/\/politecnicoindes.edu.co\/indes\/wp-json\/wp\/v2\/comments?post=1667"}],"wp:featuredmedia":[{"embeddable":true,"href":"https:\/\/politecnicoindes.edu.co\/indes\/wp-json\/wp\/v2\/media\/1620"}],"wp:attachment":[{"href":"https:\/\/politecnicoindes.edu.co\/indes\/wp-json\/wp\/v2\/media?parent=1667"}],"wp:term":[{"taxonomy":"product_cat","embeddable":true,"href":"https:\/\/politecnicoindes.edu.co\/indes\/wp-json\/wp\/v2\/product_cat?post=1667"},{"taxonomy":"product_tag","embeddable":true,"href":"https:\/\/politecnicoindes.edu.co\/indes\/wp-json\/wp\/v2\/product_tag?post=1667"}],"curies":[{"name":"wp","href":"https:\/\/api.w.org\/{rel}","templated":true}]}}